{"id":800,"date":"2021-04-15T08:27:26","date_gmt":"2021-04-15T15:27:26","guid":{"rendered":"https:\/\/quimical.mx\/wordpress\/?page_id=800"},"modified":"2021-04-28T10:30:53","modified_gmt":"2021-04-28T17:30:53","slug":"transporte-y-almacenes","status":"publish","type":"page","link":"https:\/\/quimical.mx\/nueva\/?page_id=800","title":{"rendered":"Transporte y Almacenes"},"content":{"rendered":"<p>[vc_row][vc_column][ts_section_title 1=&#8221;&#8221; 2=&#8221;class=&#8220;&#8220;withd&#8220;&#8220;&gt;<strong>Transporte&#8221; 3=&#8221;y&#8221; 4=&#8221;Almacenes<\/strong>&#8221; 5=&#8221;&#8220;&#8221; 6=&#8221;description=&#8220;&#8221; 7=&#8221;&#8221; 8=&#8221;class=&#8220;&#8220;withd&#8220;&#8220;&gt;<strong>Transporte&#8221; 9=&#8221;y&#8221; 10=&#8221;Almacenes<\/strong>&#8221; 11=&#8221;&#8220;&#8221; color=&#8221;#2a4a87&#8243; shape=&#8221;&#8221; description=&#8221;<\/p>\n<h3><strong>Transporte y Almacenes<\/strong><\/h3>\n<p>&#8220;][vc_row_inner][vc_column_inner width=&#8221;1\/2&#8221;][vc_column_text]<\/p>\n<p style=\"text-align: justify;\">La diversidad de insumos y servicios que ofrece la empresa, se respalda con un valor agregado significativo, adem\u00e1s de tener puntos de venta en las zonas agr\u00edcolas de importancia de nuestra regi\u00f3n, por contar con una infraestructura siempre en constante mejora continua, plantas formuladores, almacenes con las especificaciones y certificaciones para el manejo y almacenaje de productos qu\u00edmicos, tambi\u00e9n transporte propio, adecuado para el traslado de productos referidos y con choferes capacitados y responsables.<\/p>\n<p>[\/vc_column_text][\/vc_column_inner][vc_column_inner width=&#8221;1\/2&#8243;][vc_single_image image=&#8221;838&#8243; img_size=&#8221;full&#8221; alignment=&#8221;center&#8221; style=&#8221;vc_box_shadow_3d&#8221;][\/vc_column_inner][\/vc_row_inner][\/vc_column][\/vc_row]<\/p>\n","protected":false},"excerpt":{"rendered":"<p>[vc_row][vc_column][ts_section_title 1=&#8221;&#8221; 2=&#8221;class=&#8220;&#8220;withd&#8220;&#8220;&gt;Transporte&#8221; 3=&#8221;y&#8221; 4=&#8221;Almacenes&#8221; 5=&#8221;&#8220;&#8221; 6=&#8221;description=&#8220;&#8221; 7=&#8221;&#8221; 8=&#8221;class=&#8220;&#8220;withd&#8220;&#8220;&gt;Transporte&#8221; 9=&#8221;y&#8221; 10=&#8221;Almacenes&#8221; 11=&#8221;&#8220;&#8221; color=&#8221;#2a4a87&#8243; shape=&#8221;&#8221; description=&#8221; Transporte y Almacenes &#8220;][vc_row_inner][vc_column_inner width=&#8221;1\/2&#8221;][vc_column_text] La diversidad de insumos y servicios que ofrece la empresa, se respalda con un valor agregado significativo, adem\u00e1s de tener puntos de venta en las zonas agr\u00edcolas de importancia de nuestra regi\u00f3n, por contar con [&hellip;]<\/p>\n","protected":false},"author":1,"featured_media":0,"parent":0,"menu_order":0,"comment_status":"closed","ping_status":"closed","template":"","meta":[],"_links":{"self":[{"href":"https:\/\/quimical.mx\/nueva\/index.php?rest_route=\/wp\/v2\/pages\/800"}],"collection":[{"href":"https:\/\/quimical.mx\/nueva\/index.php?rest_route=\/wp\/v2\/pages"}],"about":[{"href":"https:\/\/quimical.mx\/nueva\/index.php?rest_route=\/wp\/v2\/types\/page"}],"author":[{"embeddable":true,"href":"https:\/\/quimical.mx\/nueva\/index.php?rest_route=\/wp\/v2\/users\/1"}],"replies":[{"embeddable":true,"href":"https:\/\/quimical.mx\/nueva\/index.php?rest_route=%2Fwp%2Fv2%2Fcomments&post=800"}],"version-history":[{"count":2,"href":"https:\/\/quimical.mx\/nueva\/index.php?rest_route=\/wp\/v2\/pages\/800\/revisions"}],"predecessor-version":[{"id":877,"href":"https:\/\/quimical.mx\/nueva\/index.php?rest_route=\/wp\/v2\/pages\/800\/revisions\/877"}],"wp:attachment":[{"href":"https:\/\/quimical.mx\/nueva\/index.php?rest_route=%2Fwp%2Fv2%2Fmedia&parent=800"}],"curies":[{"name":"wp","href":"https:\/\/api.w.org\/{rel}","templated":true}]}}