{"id":780,"date":"2021-04-15T07:57:32","date_gmt":"2021-04-15T14:57:32","guid":{"rendered":"https:\/\/quimical.mx\/wordpress\/?page_id=780"},"modified":"2021-04-28T15:34:41","modified_gmt":"2021-04-28T22:34:41","slug":"departamento-de-desarrollo-comercial","status":"publish","type":"page","link":"https:\/\/quimical.mx\/nueva\/?page_id=780","title":{"rendered":"Departamento de Desarrollo Comercial"},"content":{"rendered":"<p>[vc_row][vc_column][ts_section_title color=&#8221;#2a4a87&#8243; shape=&#8221;&#8221; description=&#8221;<\/p>\n<h3><strong>Departamento de Desarrollo Comercial<\/strong><\/h3>\n<p>&#8220;][vc_row_inner][vc_column_inner width=&#8221;1\/2&#8221;][vc_column_text]<\/p>\n<div class=\"grid_5\">\n<div class=\"box7 wow fadeInLeft animated\" data-wow-delay=\"0.2s\">\n<p class=\"color_9\" style=\"text-align: justify;\">Este departamento tiene los objetivos de evaluar, demostrar y promover los productos de nueva generaci\u00f3n que lanzan al mercado nuestros principales proveedores, adem\u00e1s de brindar el apoyo t\u00e9cnico de campo a toda nuestra fuerza de ventas.<\/p>\n<p class=\"color_9\" style=\"text-align: justify;\">Desarrollamos tecnolog\u00edas nuevas, en coordinaci\u00f3n con los agricultores vanguardistas de la pen\u00ednsula de Baja California, todas ellas listas para poder ser adoptadas y as\u00ed contribuir aumentar la productividad y calidad de sus productos agr\u00edcolas.<\/p>\n<p class=\"color_9\" style=\"text-align: justify;\">Privilegiamos la colaboraci\u00f3n con aquellos proveedores que aporten un diferencial tecnol\u00f3gico en sus productos y materiales, sobre todo a aquellos que adem\u00e1s re\u00fanan un compromiso de honestidad, \u00e9tica, responsabilidad y lealtad en la relaci\u00f3n de trabajo.<\/p>\n<p class=\"color_9\" style=\"text-align: justify;\">Nuestro trabajo parte desde la instalaci\u00f3n de lotes demostrativos de las semillas que est\u00e1n por salir al mercado, como de aquellas ya en venta pero con potencial para demostrar en los diferentes microclimas de la regi\u00f3n. Pruebas de campo de productos de \u00faltima generaci\u00f3n convencionales, pero de bajo impacto ambiental hasta los diferentes productos de tipo org\u00e1nico para la agricultura moderna que se basa en un desarrollo sustentable y amigable con el medio ambiente.<\/p>\n<\/div>\n<\/div>\n<p>[\/vc_column_text][\/vc_column_inner][vc_column_inner width=&#8221;1\/2&#8243;][vc_column_text]<\/p>\n<p style=\"text-align: justify;\">El equipo de trabajo del departamento desarrollo, es el eslab\u00f3n de enlace con el equipo t\u00e9cnico y ventas que atiende a nuestros clientes, manteni\u00e9ndolos actualizados con capacitaci\u00f3n y sirviendo de apoyo t\u00e9cnico para los diferentes problemas que a\u00f1o con a\u00f1o se presentan en la producci\u00f3n agr\u00edcola.<\/p>\n<p>&nbsp;<\/p>\n<p><img class=\"size-medium wp-image-538 aligncenter\" src=\"https:\/\/quimical.mx\/wordpress\/wp-content\/uploads\/2021\/04\/desarrollo-comercial-300x195.jpg\" alt=\"\" width=\"550\" \/>[\/vc_column_text][vc_single_image image=&#8221;827&#8243; img_size=&#8221;full&#8221; alignment=&#8221;center&#8221; style=&#8221;vc_box_shadow_3d&#8221;][\/vc_column_inner][\/vc_row_inner][\/vc_column][\/vc_row]<\/p>\n","protected":false},"excerpt":{"rendered":"<p>[vc_row][vc_column][ts_section_title color=&#8221;#2a4a87&#8243; shape=&#8221;&#8221; description=&#8221; Departamento de Desarrollo Comercial &#8220;][vc_row_inner][vc_column_inner width=&#8221;1\/2&#8221;][vc_column_text] Este departamento tiene los objetivos de evaluar, demostrar y promover los productos de nueva generaci\u00f3n que lanzan al mercado nuestros principales proveedores, adem\u00e1s de brindar el apoyo t\u00e9cnico de campo a toda nuestra fuerza de ventas. Desarrollamos tecnolog\u00edas nuevas, en coordinaci\u00f3n con los agricultores vanguardistas [&hellip;]<\/p>\n","protected":false},"author":1,"featured_media":0,"parent":0,"menu_order":0,"comment_status":"closed","ping_status":"closed","template":"","meta":[],"_links":{"self":[{"href":"https:\/\/quimical.mx\/nueva\/index.php?rest_route=\/wp\/v2\/pages\/780"}],"collection":[{"href":"https:\/\/quimical.mx\/nueva\/index.php?rest_route=\/wp\/v2\/pages"}],"about":[{"href":"https:\/\/quimical.mx\/nueva\/index.php?rest_route=\/wp\/v2\/types\/page"}],"author":[{"embeddable":true,"href":"https:\/\/quimical.mx\/nueva\/index.php?rest_route=\/wp\/v2\/users\/1"}],"replies":[{"embeddable":true,"href":"https:\/\/quimical.mx\/nueva\/index.php?rest_route=%2Fwp%2Fv2%2Fcomments&post=780"}],"version-history":[{"count":4,"href":"https:\/\/quimical.mx\/nueva\/index.php?rest_route=\/wp\/v2\/pages\/780\/revisions"}],"predecessor-version":[{"id":927,"href":"https:\/\/quimical.mx\/nueva\/index.php?rest_route=\/wp\/v2\/pages\/780\/revisions\/927"}],"wp:attachment":[{"href":"https:\/\/quimical.mx\/nueva\/index.php?rest_route=%2Fwp%2Fv2%2Fmedia&parent=780"}],"curies":[{"name":"wp","href":"https:\/\/api.w.org\/{rel}","templated":true}]}}