{"id":624,"date":"2021-04-13T13:09:12","date_gmt":"2021-04-13T20:09:12","guid":{"rendered":"https:\/\/quimical.mx\/wordpress\/?page_id=624"},"modified":"2021-04-28T15:32:11","modified_gmt":"2021-04-28T22:32:11","slug":"unete-a-nuestro-equipo","status":"publish","type":"page","link":"https:\/\/quimical.mx\/nueva\/?page_id=624","title":{"rendered":"UNETE A NUESTRO EQUIPO"},"content":{"rendered":"<p>[vc_row][vc_column width=&#8221;1\/2&#8243;][vc_column_text]<\/p>\n<div class=\"heading_7 text_7\">\n<h5><strong>Profesionistas<\/strong><\/h5>\n<\/div>\n<p class=\"text_6\" align=\"justify\">\u00a1Gracias por acercarte a nuestra empresa!<br \/>\nQuimical te ofrece la oportunidad de adquirir nuevas experiencias y unirte a un gran equipo de trabajo.<\/p>\n<p class=\"text_6\" align=\"justify\">En Quimical estamos seguros que nuestros colaboradores son lo m\u00e1s importante, por ello, estamos convencidos de que el \u00e9xito de nuestra organizaci\u00f3n se logra a trav\u00e9s de las personas que laboran con nosotros. Ellos son los que hacen que las cosas sucedan. Buscamos gente talentosa, honesta, comprometida que quiera desarrollar una vida profesional, si eres una de estas personas nos interesa conocerte.<br \/>\nM\u00e1ndanos tu curriculum a: <strong>recursoshumanos@quimical.mx<\/strong><\/p>\n<div class=\"heading_7 text_7\">\n<h5><strong>Practicantes<\/strong><\/h5>\n<\/div>\n<p class=\"text_6\" align=\"justify\">Si estas estudiando, aqu\u00ed puedes encontrar el mejor lugar para aplicar tus conocimientos te\u00f3ricos en la vida laboral.<br \/>\nM\u00e1ndanos tus datos a: <strong>recursoshumanos@quimical.mx<\/strong>[\/vc_column_text][\/vc_column][vc_column width=&#8221;1\/2&#8243;][vc_single_image image=&#8221;628&#8243; img_size=&#8221;full&#8221;][vc_single_image image=&#8221;810&#8243; img_size=&#8221;full&#8221; alignment=&#8221;center&#8221; style=&#8221;vc_box_shadow_3d&#8221;][\/vc_column][\/vc_row][vc_row][vc_column][vc_images_carousel images=&#8221;919,920,921,922,923,924,925&#8243; img_size=&#8221;full&#8221; onclick=&#8221;link_no&#8221; speed=&#8221;3000&#8243; autoplay=&#8221;yes&#8221; wrap=&#8221;yes&#8221;][\/vc_column][\/vc_row]<\/p>\n","protected":false},"excerpt":{"rendered":"<p>[vc_row][vc_column width=&#8221;1\/2&#8243;][vc_column_text] Profesionistas \u00a1Gracias por acercarte a nuestra empresa! Quimical te ofrece la oportunidad de adquirir nuevas experiencias y unirte a un gran equipo de trabajo. En Quimical estamos seguros que nuestros colaboradores son lo m\u00e1s importante, por ello, estamos convencidos de que el \u00e9xito de nuestra organizaci\u00f3n se logra a trav\u00e9s de las personas [&hellip;]<\/p>\n","protected":false},"author":1,"featured_media":0,"parent":0,"menu_order":0,"comment_status":"closed","ping_status":"closed","template":"","meta":[],"_links":{"self":[{"href":"https:\/\/quimical.mx\/nueva\/index.php?rest_route=\/wp\/v2\/pages\/624"}],"collection":[{"href":"https:\/\/quimical.mx\/nueva\/index.php?rest_route=\/wp\/v2\/pages"}],"about":[{"href":"https:\/\/quimical.mx\/nueva\/index.php?rest_route=\/wp\/v2\/types\/page"}],"author":[{"embeddable":true,"href":"https:\/\/quimical.mx\/nueva\/index.php?rest_route=\/wp\/v2\/users\/1"}],"replies":[{"embeddable":true,"href":"https:\/\/quimical.mx\/nueva\/index.php?rest_route=%2Fwp%2Fv2%2Fcomments&post=624"}],"version-history":[{"count":4,"href":"https:\/\/quimical.mx\/nueva\/index.php?rest_route=\/wp\/v2\/pages\/624\/revisions"}],"predecessor-version":[{"id":926,"href":"https:\/\/quimical.mx\/nueva\/index.php?rest_route=\/wp\/v2\/pages\/624\/revisions\/926"}],"wp:attachment":[{"href":"https:\/\/quimical.mx\/nueva\/index.php?rest_route=%2Fwp%2Fv2%2Fmedia&parent=624"}],"curies":[{"name":"wp","href":"https:\/\/api.w.org\/{rel}","templated":true}]}}