{"id":584,"date":"2021-04-13T10:19:39","date_gmt":"2021-04-13T17:19:39","guid":{"rendered":"https:\/\/quimical.mx\/wordpress\/?page_id=584"},"modified":"2021-04-28T10:29:21","modified_gmt":"2021-04-28T17:29:21","slug":"oficinas","status":"publish","type":"page","link":"https:\/\/quimical.mx\/nueva\/?page_id=584","title":{"rendered":"Oficinas"},"content":{"rendered":"<p>[vc_row][vc_column][vc_column_text]<\/p>\n<h1 style=\"text-align: center;\"><strong>OFICINAS ADMINISTRATIVAS<\/strong><\/h1>\n<p>[\/vc_column_text][vc_row_inner][vc_column_inner width=&#8221;1\/2&#8243;][vc_column_text]<\/p>\n<p class=\"color_9\"><strong><span class=\"font-bold\">DIRECCI\u00d3N GENERAL, CEDIS Y LABORATORIO AGR\u00cdCOLA<\/span><\/strong><br \/>\nDirecci\u00f3n: Km. 25.5 Carrretera Transpeninsular Tramo Ensenada-San Quint\u00edn<br \/>\nManeadero, B.C., CP 22790<br \/>\nTel\u00e9fonos: (646) 177 6310, 176 7710, 174 5760 y 154 0803<\/p>\n<p class=\"color_9\"><strong><span class=\"font-bold\">DIRECCI\u00d3N DE ADMINISTRACI\u00d3N Y PRODUCCI\u00d3N<\/span><\/strong><br \/>\nDirecci\u00f3n: Km. 15.5 Carretera a San Luis, Colonia Diez<br \/>\nC.P. 21397, Mexicali, B.C.<br \/>\nTel\u00e9fono: (686) 561 0025<\/p>\n<p>[\/vc_column_text][\/vc_column_inner][vc_column_inner width=&#8221;1\/2&#8243;][vc_single_image image=&#8221;863&#8243; img_size=&#8221;full&#8221; style=&#8221;vc_box_shadow_3d&#8221;][\/vc_column_inner][\/vc_row_inner][\/vc_column][\/vc_row][vc_row][vc_column][vc_column_text]<!-- \/wp:shortcode -->[\/vc_column_text][\/vc_column][\/vc_row]<\/p>\n","protected":false},"excerpt":{"rendered":"<p>[vc_row][vc_column][vc_column_text] OFICINAS ADMINISTRATIVAS [\/vc_column_text][vc_row_inner][vc_column_inner width=&#8221;1\/2&#8243;][vc_column_text] DIRECCI\u00d3N GENERAL, CEDIS Y LABORATORIO AGR\u00cdCOLA Direcci\u00f3n: Km. 25.5 Carrretera Transpeninsular Tramo Ensenada-San Quint\u00edn Maneadero, B.C., CP 22790 Tel\u00e9fonos: (646) 177 6310, 176 7710, 174 5760 y 154 0803 DIRECCI\u00d3N DE ADMINISTRACI\u00d3N Y PRODUCCI\u00d3N Direcci\u00f3n: Km. 15.5 Carretera a San Luis, Colonia Diez C.P. 21397, Mexicali, B.C. Tel\u00e9fono: (686) 561 [&hellip;]<\/p>\n","protected":false},"author":1,"featured_media":0,"parent":0,"menu_order":0,"comment_status":"closed","ping_status":"closed","template":"","meta":[],"_links":{"self":[{"href":"https:\/\/quimical.mx\/nueva\/index.php?rest_route=\/wp\/v2\/pages\/584"}],"collection":[{"href":"https:\/\/quimical.mx\/nueva\/index.php?rest_route=\/wp\/v2\/pages"}],"about":[{"href":"https:\/\/quimical.mx\/nueva\/index.php?rest_route=\/wp\/v2\/types\/page"}],"author":[{"embeddable":true,"href":"https:\/\/quimical.mx\/nueva\/index.php?rest_route=\/wp\/v2\/users\/1"}],"replies":[{"embeddable":true,"href":"https:\/\/quimical.mx\/nueva\/index.php?rest_route=%2Fwp%2Fv2%2Fcomments&post=584"}],"version-history":[{"count":2,"href":"https:\/\/quimical.mx\/nueva\/index.php?rest_route=\/wp\/v2\/pages\/584\/revisions"}],"predecessor-version":[{"id":871,"href":"https:\/\/quimical.mx\/nueva\/index.php?rest_route=\/wp\/v2\/pages\/584\/revisions\/871"}],"wp:attachment":[{"href":"https:\/\/quimical.mx\/nueva\/index.php?rest_route=%2Fwp%2Fv2%2Fmedia&parent=584"}],"curies":[{"name":"wp","href":"https:\/\/api.w.org\/{rel}","templated":true}]}}