{"id":483,"date":"2020-10-27T05:05:27","date_gmt":"2020-10-27T05:05:27","guid":{"rendered":"http:\/\/seodo.themezinho.net\/?page_id=24"},"modified":"2020-10-27T05:05:27","modified_gmt":"2020-10-27T05:05:27","slug":"about-2","status":"publish","type":"page","link":"https:\/\/quimical.mx\/nueva\/?page_id=483","title":{"rendered":"QUIENES SOMOS"},"content":{"rendered":"<p>[vc_section][vc_row][vc_column][\/vc_column][\/vc_row][\/vc_section][vc_row motts_theme_padding=&#8221;no&#8221; use_container=&#8221;yes&#8221; css=&#8221;.vc_custom_1603914229683{margin-right: 0px !important;margin-left: 0px !important;}&#8221;][vc_column css=&#8221;.vc_custom_1603890418265{padding-right: 0px !important;padding-left: 0px !important;}&#8221;][vc_row_inner][vc_column_inner width=&#8221;1\/2&#8243;][ts_section_title color=&#8221;#2a4a87&#8243; shape=&#8221;&#8221; align=&#8221;text-left&#8221; description=&#8221;<\/p>\n<h3><strong>QUIENES SOMOS<\/strong><\/h3>\n<p>&#8220;][\/vc_column_inner][vc_column_inner width=&#8221;1\/2&#8243;][ts_section_title color=&#8221;#2a4a87&#8243; shape=&#8221;&#8221; align=&#8221;text-left&#8221; description=&#8221;<\/p>\n<h3><\/h3>\n<p>&#8220;][\/vc_column_inner][\/vc_row_inner][vc_row_inner][vc_column_inner width=&#8221;1\/2&#8221;][vc_column_text]<\/p>\n<p class=\"color_9\" align=\"justify\">Quimical \u00ae es una empresa comprometida con los productores de alimentos del noroeste del pa\u00eds, por m\u00e1s de medio siglo, con la firme intenci\u00f3n de brindar las herramientas necesarias para lograr producir m\u00e1s y mejores alimentos para el mundo, siempre respetando el medio ambiente y dentro de los lineamientos de una agricultura sustentable.<\/p>\n<p>[\/vc_column_text][\/vc_column_inner][vc_column_inner width=&#8221;1\/2&#8243;][vc_column_text]<\/p>\n<p class=\"color_9\" align=\"justify\"><strong><span class=\"font-bold\">Visi\u00f3n: <\/span><\/strong>Ser una empresa que aporte valor agregado a la econom\u00eda de la regi\u00f3n, que produzca riqueza y calidad de vida en su entorno. Demostrando d\u00eda con d\u00eda su compromiso con el desarrollo sustentable y el bienestar de la comunidad.<\/p>\n<p class=\"color_9\" align=\"justify\"><strong><span class=\"font-bold\">Misi\u00f3n y filosof\u00eda: <\/span><\/strong>Con el apoyo en la tecnolog\u00eda, el capital humano adecuado y capacitado, ofrecer soluciones integrales con productos y servicios de la m\u00e1s alta calidad, que contribuyan a una mejor y mayor producci\u00f3n de alimentos para el beneficio de la poblaci\u00f3n en general.<\/p>\n<p><strong>Valores:<\/strong><\/p>\n<ul>\n<li>Respeto<\/li>\n<li>Trabajo en equipo<\/li>\n<li>Integridad<\/li>\n<li>Responsabilidad Social<\/li>\n<li>Servicio al cliente<\/li>\n<li>Lealtad<\/li>\n<\/ul>\n<p>[\/vc_column_text][\/vc_column_inner][\/vc_row_inner][\/vc_column][\/vc_row][vc_row full_height=&#8221;yes&#8221; equal_height=&#8221;yes&#8221; motts_theme_padding=&#8221;no&#8221; css=&#8221;.vc_custom_1618498133133{margin-right: 0px !important;margin-left: 0px !important;}&#8221;][vc_column css=&#8221;.vc_custom_1603890418265{padding-right: 0px !important;padding-left: 0px !important;}&#8221;][ts_gallery_grid details=&#8221;%5B%7B%22image%22%3A%22270%22%2C%22title%22%3A%22Image%22%7D%2C%7B%22image%22%3A%22271%22%2C%22title%22%3A%22Image%22%7D%2C%7B%22image%22%3A%22272%22%2C%22title%22%3A%22Image%22%7D%2C%7B%22image%22%3A%22273%22%2C%22title%22%3A%22Image%22%7D%2C%7B%22image%22%3A%22274%22%2C%22title%22%3A%22Image%22%7D%2C%7B%22image%22%3A%22275%22%2C%22title%22%3A%22Image%22%7D%5D&#8221;][\/vc_column][\/vc_row]<\/p>\n","protected":false},"excerpt":{"rendered":"<p>[vc_section][vc_row][vc_column][\/vc_column][\/vc_row][\/vc_section][vc_row motts_theme_padding=&#8221;no&#8221; use_container=&#8221;yes&#8221; css=&#8221;.vc_custom_1603914229683{margin-right: 0px !important;margin-left: 0px !important;}&#8221;][vc_column css=&#8221;.vc_custom_1603890418265{padding-right: 0px !important;padding-left: 0px !important;}&#8221;][vc_row_inner][vc_column_inner width=&#8221;1\/2&#8243;][ts_section_title color=&#8221;#2a4a87&#8243; shape=&#8221;&#8221; align=&#8221;text-left&#8221; description=&#8221; QUIENES SOMOS &#8220;][\/vc_column_inner][vc_column_inner width=&#8221;1\/2&#8243;][ts_section_title color=&#8221;#2a4a87&#8243; shape=&#8221;&#8221; align=&#8221;text-left&#8221; description=&#8221; &#8220;][\/vc_column_inner][\/vc_row_inner][vc_row_inner][vc_column_inner width=&#8221;1\/2&#8221;][vc_column_text] Quimical \u00ae es una empresa comprometida con los productores de alimentos del noroeste del pa\u00eds, por m\u00e1s de medio siglo, con la firme intenci\u00f3n de brindar las [&hellip;]<\/p>\n","protected":false},"author":1,"featured_media":0,"parent":0,"menu_order":0,"comment_status":"closed","ping_status":"closed","template":"page-builder.php","meta":[],"_links":{"self":[{"href":"https:\/\/quimical.mx\/nueva\/index.php?rest_route=\/wp\/v2\/pages\/483"}],"collection":[{"href":"https:\/\/quimical.mx\/nueva\/index.php?rest_route=\/wp\/v2\/pages"}],"about":[{"href":"https:\/\/quimical.mx\/nueva\/index.php?rest_route=\/wp\/v2\/types\/page"}],"author":[{"embeddable":true,"href":"https:\/\/quimical.mx\/nueva\/index.php?rest_route=\/wp\/v2\/users\/1"}],"replies":[{"embeddable":true,"href":"https:\/\/quimical.mx\/nueva\/index.php?rest_route=%2Fwp%2Fv2%2Fcomments&post=483"}],"version-history":[{"count":0,"href":"https:\/\/quimical.mx\/nueva\/index.php?rest_route=\/wp\/v2\/pages\/483\/revisions"}],"wp:attachment":[{"href":"https:\/\/quimical.mx\/nueva\/index.php?rest_route=%2Fwp%2Fv2%2Fmedia&parent=483"}],"curies":[{"name":"wp","href":"https:\/\/api.w.org\/{rel}","templated":true}]}}